{"id":57,"date":"2017-03-13T23:26:34","date_gmt":"2017-03-13T23:26:34","guid":{"rendered":"http:\/\/91.187.134.10\/a_madam\/?page_id=57"},"modified":"2022-03-10T20:06:52","modified_gmt":"2022-03-10T20:06:52","slug":"publications","status":"publish","type":"page","link":"https:\/\/www.mfkv.kg.ac.rs\/a_madam\/index.php\/publications\/","title":{"rendered":"Publications"},"content":{"rendered":"<ol>\n<li>D. Croccolo, M. De Agostinis, S. Fini, G. Olmi, A. Vranic, S. Ciric-Kostic: &#8220;An Experimental Study on the Fatigue Response of 15-5 PH Stainless Steel Built by DMLS&#8221;, Proceedings of IX International Conference &#8220;Heavy Machinery-HM 2017&#8221;, Zlatibor, 28 June &#8211; 1 July 2017, pp.9-16 (2017) <a href=\"http:\/\/www.hm.kg.ac.rs\/documents\/HM2017-Proceedings.pdf\" target=\"_blank\" rel=\"noopener\">PDF<\/a><\/li>\n<li>Nebojsa Bogojevic, Aleksandar Vranic, Nusret Muharemovic, Nenad Drvar: &#8220;Surface Quality of Maraging Steel Parts Produced by DMLS&#8221;, Proceedings of IX International Conference &#8220;Heavy Machinery-HM 2017&#8221;, Zlatibor, 28 June &#8211; 1 July 2017,pp.D21-D26 (2017)\u00a0<a href=\"http:\/\/www.hm.kg.ac.rs\/documents\/HM2017-Proceedings.pdf\" target=\"_blank\" rel=\"noopener\">PDF<\/a><\/li>\n<li>S. Ciric-Kostic, N. Bogojevic, A. Vranic, D. Croccolo, M. De Agostinis, S. Fini, G. Olmi: &#8220;Machining and Heat Treatment Effects on the Fatigue Properties of Maraging Steel Produced by DMLS&#8221;, Proceedings of IX International Conference &#8220;Heavy Machinery-HM 2017&#8221;, Zlatibor, 28 June &#8211; 1 July 2017, pp.D27-D36 (2017)\u00a0<a href=\"http:\/\/www.hm.kg.ac.rs\/documents\/HM2017-Proceedings.pdf\" target=\"_blank\" rel=\"noopener\">PDF<\/a><\/li>\n<li>Zlatan Soskic, Simona Montanari, Gian Luca Monti, Michele Monti: &#8220;A Heuristic Approach to the Estimation of the Mass of the Waste Powder During Selective Laser Sintering of Polyamide PA2200&#8221;, Proceedings of IX International Conference &#8220;Heavy Machinery-HM 2017&#8221;, Zlatibor, 28 June &#8211; 1 July 2017, pp.D37-D44 (2017)\u00a0<a href=\"http:\/\/www.hm.kg.ac.rs\/documents\/HM2017-Proceedings.pdf\" target=\"_blank\" rel=\"noopener\">PDF<\/a><\/li>\n<li>D. Croccolo, M. de Agostinis, S. Fini, G. Olmi, N. Bogojevi\u0107 and S. \u0106iri\u0107 Kosti\u0107, &#8220;Effect of machining and heat treatment on the fatigue properties of Maraging steel MS1 manufactured by DMLS\u201d, 3rd International Symposium on Fatigue Design and Material Defects, 19-22 September 2017, Lecco (Italy), Book of Abstracts \u00a0p.55 (2017)\u00a0<a href=\"http:\/\/www.fdmd3.polimi.it\/fileadmin\/user_upload\/booklet-FDMD3-def2.pdf\" target=\"_blank\" rel=\"noopener\">PDF<\/a><\/li>\n<li>D. Croccolo, M. de Agostinis, S. Fini, G. Olmi, A. Vrani\u0107 and S. \u0106iri\u0107 Kosti\u0107, \u201cA two-factor experimental study of on the fatigue properties of 15-5 PH stainless steel obtained by powder bed laser fusion\u201d, 3rd International Symposium on Fatigue Design and Material Defects, 19-22 September 2017, Lecco (Italy), Book of Abstracts p.60 (2017) <a href=\"http:\/\/www.fdmd3.polimi.it\/fileadmin\/user_upload\/booklet-FDMD3-def2.pdf\" target=\"_blank\" rel=\"noopener\">PDF<\/a><\/li>\n<li>Croccolo D, De Agostinis M, Fini S, Olmi G, Bogojevic N, Ciric-Kostic, S: \u201cEffects of build orientation and thickness of allowance on the fatigue behaviour of 15\u20135 PH stainless steel manufactured by DMLS\u201d, Fatigue &amp; Fracture of Engineering Materials &amp; Structures, <a href=\"http:\/\/onlinelibrary.wiley.com\/doi\/10.1111\/ffe.12737\/abstract\" target=\"_blank\" rel=\"noopener\">DOI\u00a0 &#8211; 10.1111\/ffe.12737<\/a><\/li>\n<li>Croccolo, Dario, Massimiliano De Agostinis, Stefano Fini, Giorgio Olmi, Francesco Robusto, Sne\u017eana \u0106iri\u0107 Kosti\u0107, Aleksandar Vrani\u0107, and Neboj\u0161a Bogojevi\u0107. &#8220;Fatigue Response of As-Built DMLS Maraging Steel and Effects of Aging, Machining, and Peening Treatments.&#8221; Metals 8, no. 7 (2018): 505. <a href=\"https:\/\/res.mdpi.com\/metals\/metals-08-00505\/article_deploy\/metals-08-00505-v2.pdf?filename=&amp;attachment=1\" target=\"_blank\" rel=\"noopener\">PDF<\/a><\/li>\n<li>Dario Croccolo, Massimiliano De Agostinis, Stefano Fini, Giorgio Olmi, Francesco Robusto, Sne\u017eana \u0106iri\u0107-Kosti\u0107, Aleksandar Vrani\u0107, Nusret Muharemovi\u0107 and Neboj\u0161a Bogojevi\u0107. &#8220;Fatigue Response of As-Built DMLS Maraging Steel and Effects of Machining, Heat and\u00a0Surface Treatments.&#8221; In Proceedings of the 6th International Conference Integrity-Reliability-Failure (IRF 2018), Lisbon, Portugal, pp. 951-970. 2018.\u00a0<a href=\"https:\/\/paginas.fe.up.pt\/~irf\/Proceedings_IRF2018\/data\/papers\/7125.pdf\" target=\"_blank\" rel=\"noopener\">PDF<\/a><\/li>\n<li>Dario Croccolo, Massimiliano De Agostinis, Stefano Fini, Giorgio Olmi, Francesco Robusto, Nusret Muharemovi\u0107, Neboj\u0161a Bogojevi\u0107 Aleksandar Vrani\u0107, and Sne\u017eana \u0106iri\u0107-Kosti\u0107. &#8220;Experimental study on the sensitivity of DMLS manufactured Maraging Steel fatigue strength to the build orientation and allowance for machining.&#8221; In Proceedings of the 6th International Conference Integrity-Reliability-Failure (IRF 2018), Lisbon, Portugal, pp. 971-986. 2018. <a href=\"https:\/\/paginas.fe.up.pt\/~irf\/Proceedings_IRF2018\/data\/papers\/7126.pdf\" target=\"_blank\" rel=\"noopener\">PDF<\/a><\/li>\n<li>Croccolo, Dario, Massimiliano De Agostinis, Stefano Fini, Giorgio Olmi, Nebojsa Bogojevic, and Snezana Ciric-Kostic. &#8220;How Build Orientation and Thickness of Allowance May Affect The Fatigue Response of DMLS Produced 15-5 PH Stainless Steel.&#8221; In Proceedings of the 6th International Conference Integrity-Reliability-Failure (IRF 2018), Lisbon, Portugal, pp. 987-996. 2018.\u00a0<a href=\"https:\/\/paginas.fe.up.pt\/~irf\/Proceedings_IRF2018\/data\/papers\/7214.pdf\" target=\"_blank\" rel=\"noopener\">PDF<\/a><\/li>\n<li>Croccolo, D., De Agostinis, M., Fini, S., Olmi, G., Robusto, F., \u0106iri\u0107\u2010Kosti\u0107, S., Mora\u010da, S. and Bogojevi\u0107, N., 2019. Sensitivity of direct metal laser sintering Maraging steel fatigue strength to build orientation and allowance for machining.\u00a0Fatigue &amp; Fracture of Engineering Materials &amp; Structures,\u00a0<i>42<\/i>(1), pp.374-386. <a href=\"https:\/\/onlinelibrary.wiley.com\/doi\/abs\/10.1111\/ffe.12917\">DOI\u00a0 &#8211; 10.1111\/ffe.12917<\/a><\/li>\n<li>Sne\u017eana \u0106iri\u0107 Kosti\u0107, Jelena Tomi\u0107, Tommaso Brugo, Nenad Drvar, &#8220;Primena opti\u010dke DIC merne metode na projektu A_MADAM&#8221;, Industrija, Vol. 77, pp 12-14 (2018)\u00a0<a href=\"http:\/\/91.187.134.10\/a_madam\/wp-content\/uploads\/2017\/03\/Industrija-77_Topomatika.pdf\">PDF<\/a><\/li>\n<li>A. Vrani\u0107, N. Bogojevi\u0107, S. \u0106iri\u0107 Kosti\u0107, D. Croccolo, G. Olmi: \u201eAdvantages and Drawbacks of Additive Manufacturing\u201c, IMK-14 \u2013 Research &amp; Development in Heavy Machinery 23(2017)2, EN57-62 <a href=\"http:\/\/www.imk14-rad.com\/index.php\/en\/component\/zoo\/?task=callelement&amp;format=raw&amp;item_id=265&amp;element=f85c494b-2b32-4109-b8c1-083cca2b7db6&amp;method=download&amp;args[0]=231e2cc049fb42f85a94ebf8eca36903\" target=\"_blank\" rel=\"noopener\">PDF<\/a><\/li>\n<li>Croccolo D, De Agostinis M, Fini S, Olmi G, Robusto F, Ciric-Kostic S, Vranic A, Muharemovic N, Bogojevic N. Effects of Machining and Heat and Surface Treatments on as Built DMLS Processed Maraging Steel. In International Conference on Theoretical, Applied and Experimental Mechanics 2018 Jun 17 (pp. 110-111). Springer, Cham. <a href=\"https:\/\/doi.org\/10.1007\/978-3-319-91989-8_24\" target=\"_blank\" rel=\"noopener\">DOI: 10.1007\/978-3-319-91989-8_24<\/a><\/li>\n<li>Croccolo D, De Agostinis M, Fini S, Olmi G, Robusto F, Muharemovic N, Bogojevic N, Vranic A, Ciric-Kostic S. DMLS Built Maraging Steel Fatigue Response Investigated for Different Build Orientations and Allowance for Machining. InInternational Conference on Theoretical, Applied and Experimental Mechanics 2018 Jun 17 (pp. 112-113). Springer, Cham. <a href=\"https:\/\/doi.org\/10.1007\/978-3-319-91989-8_25\" target=\"_blank\" rel=\"noopener\">DOI: 10.1007\/978-3-319-91989-8_25<\/a><\/li>\n<li>\u0160o\u0161ki\u0107, Z., Monti, G.L., Montanari, S., Monti, M. and Cardu, M., 2019. Production cost model of the multi-jet-fusion technology. Proceedings of the Institution of Mechanical Engineers, Part C: Journal of Mechanical Engineering Science, p.0954406219837300.\u00a0<a href=\"https:\/\/journals.sagepub.com\/doi\/10.1177\/0954406219837300\" target=\"_blank\" rel=\"noopener\">DOI:\u00a010.1177\/0954406219837300<\/a><\/li>\n<li>Balos, S., Rajnovic, D., Sidjanin, L., Kostic, S. C., Bogojevic, N., Pecanac, M., &amp; Pavlicevic, J. (2019). Knoop hardness optimal loading in measuring microhardness of maraging steel obtained by selective laser melting.\u00a0Proceedings of the Institution of Mechanical Engineers, Part C: Journal of Mechanical Engineering Science, 0954406219841081. <a href=\"https:\/\/journals.sagepub.com\/doi\/10.1177\/0954406219841081\" target=\"_blank\" rel=\"noopener\"> DOI: 10.1177\/0954406219841081<\/a><\/li>\n<li>Balos, S., Rajnovic, D., Sidjanin, L., Eric Cekic, O., Moraca, S., Trivkovic, M., &amp; Dedic, M. (2019). Vickers hardness indentation size effect in selective laser melted MS1 maraging steel.\u00a0<i>Proceedings of the Institution of Mechanical Engineers, Part C: Journal of Mechanical Engineering Science<\/i>, 0954406219892301.<a href=\"https:\/\/journals.sagepub.com\/doi\/10.1177\/0954406219892301\" target=\"_blank\" rel=\"noopener\"> DOI: 10.1177\/0954406219892301<\/a><\/li>\n<li>Zlatan \u0160o\u0161ki\u0107, Jelena Tomi\u0107, Nenad Drvar, Michele Monti, Marco Cardu: &#8220;Application of artificial neural networks for estimation of the mass of the waste powder during selective laser sintering&#8221;, Proceedings of 8th International Conference &#8220;Mechanics and Materials in Design &#8211; M2D 2019&#8221;, Bologna \/Italy), 4 &#8211; 6 September 2019, pp.29-30 (2019)\u00a0<a href=\"https:\/\/www.m2d2019.com\/wp-content\/uploads\/2019\/09\/M2D2019_Proceedings.pdf\" target=\"_blank\" rel=\"noopener\">PDF<\/a><\/li>\n<li>Ivo Campione, Tommaso Maria Brugo, Giangiacomo Minak, Josip Kos, Jelena Jankovi\u0107 Tomi\u0107,Sne\u017eana \u0106iri\u0107-Kosti\u0107: &#8220;Investigation of mixed mode I and II fracture mechanical behaviour of SLS printed IASCB specimens by digital image correlation&#8221;, Proceedings of 8th International Conference &#8220;Mechanics and Materials in Design &#8211; M2D 2019&#8221;, Bologna \/Italy), 4 &#8211; 6 September 2019, pp.69-70 (2019)\u00a0<a href=\"https:\/\/www.m2d2019.com\/wp-content\/uploads\/2019\/09\/M2D2019_Proceedings.pdf\" target=\"_blank\" rel=\"noopener\">PDF<\/a><\/li>\n<li>Neboj\u0161a Bogojevi\u0107, Nusret Muharemovi\u0107, Branko Radi\u010devi\u0107, Aleksandar Vrani\u0107 and Sne\u017eana \u0106iri\u0107 Kosti\u0107: &#8220;Air flow resistance of polyamide 12 made by selective laser sintering&#8221;, Proceedings of 8th International Conference &#8220;Mechanics and Materials in Design &#8211; M2D 2019&#8221;, Bologna \/Italy), 4 &#8211; 6 September 2019, pp.163-164 (2019)\u00a0<a href=\"https:\/\/www.m2d2019.com\/wp-content\/uploads\/2019\/09\/M2D2019_Proceedings.pdf\" target=\"_blank\" rel=\"noopener\">PDF<\/a><\/li>\n<li>Campione, Ivo, Tommaso Maria Brugo, Giangiacomo Minak, Jelena Jankovi\u0107 Tomi\u0107, Neboj\u0161a Bogojevi\u0107, and Sne\u017eana \u0106iri\u0107 Kosti\u0107. &#8220;Investigation by digital image correlation of mixed mode i and ii fracture behavior of metallic IASCB specimens with additive manufactured crack-like notch.&#8221; Metals 10, no. 3 (2020): 400. <a href=\"https:\/\/www.mdpi.com\/2075-4701\/10\/3\/400\/htm\" target=\"_blank\" rel=\"noopener\">PDF<\/a><\/li>\n<li>Brugo, Tommaso Maria, Ivo Campione, and Giangiacomo Minak. &#8220;Investigation by Digital Image Correlation of Mixed-Mode I and II Fracture Behavior of Polymeric IASCB Specimens with Additive Manufactured Crack-Like Notch.&#8221;\u00a0<i>Materials<\/i> 14, no. 5 (2021): 1084. <a href=\"https:\/\/www.mdpi.com\/1996-1944\/14\/5\/1084\/htm\" target=\"_blank\" rel=\"noopener\">link<\/a><\/li>\n<li>\u0106iri\u0107-Kosti\u0107 Sne\u017eana, Dario Croccolo, Massimiliano De Agostinis, Stefano Fini, Giorgio Olmi, Luca Paiardini, Francesco Robusto, Zlatan \u0160o\u0161ki\u0107, Neboj\u0161a Bogojevi\u0107. &#8220;Fatigue response of additively manufactured Maraging Stainless Steel CX and effects of heat treatment and surface finishing&#8221;. Fatigue &amp; Fracture of Engineering Materials &amp; Structures, Vol. 45, Issue 5, pp.482-499 <a href=\"https:\/\/onlinelibrary.wiley.com\/doi\/abs\/10.1111\/ffe.13611\" target=\"_blank\" rel=\"noopener\">DOI: 10.1111\/ffe.13611<\/a><\/li>\n<li>\u0106iri\u0107-Kosti\u0107, S., Bogojevi\u0107, N., Croccolo, D., Olmi, G., Sin\u0111eli\u0107, V., \u0160o\u0161ki\u0107, Z.: \u201cEffects of Machining on the Fatigue Strength of Steel Components Produced by DMLS\u201d, Proceedings of the 14th International Scientific Conference MMA2021 Flexible Technologies, Novi Sad, September 23-25, 2021, pp.263 266, ISBN: 978-86-6022-364-9 <a href=\"http:\/\/www.mma.ftn.uns.ac.rs\/files\/MMA2021-PROCEEDINGS.pdf\" target=\"_blank\" rel=\"noopener\">PDF<\/a><\/li>\n<li>Giangiacomo Minak and Nenad Drvar: &#8220;Fracture mechanics of additive manufactured crack-like notches by digital image correlation&#8221;, IOP Conf. Ser.: Mater. Sci. Eng. 1214, 012003 (2022) <a href=\"https:\/\/iopscience.iop.org\/article\/10.1088\/1757-899X\/1214\/1\/012003\" target=\"_blank\" rel=\"noopener\">DOI: 10.1088\/1757-899X\/1214\/1\/012003<\/a><\/li>\n<li>Croccolo, D., M. De Agostinis, S. Fini, G. Olmi, L. Paiardini, F. Robusto, S. Ciric Kostic, and N. Bogojevic. &#8220;As fabricated DMLS produced 15-5PH stainless steel: effects of post-manufacture treatments.&#8221;, 7th International Conference Integrity-Reliability-Failure. J.F. Silva Gomes and S.A. Meguid (editors), INEGI-FEUP (2020), pp.993-994. <a href=\"https:\/\/paginas.fe.up.pt\/~irf\/Proceedings_IRF2020\/data\/papers\/17242.pdf\" target=\"_blank\" rel=\"noopener\">PDF<\/a><\/li>\n<li>Croccolo, D., M. De Agostinis, S. Fini, G. Olmi, L. Paiardini, F. Robusto, S. Ciric Kostic, and N. Bogojevic. &#8220;Effect of the position in the build chamber on the fatigue strength of DMLS produced maraging steel.&#8221;, Proceedings IRF2020: 7th International Conference Integrity-Reliability-Failure. J.F. Silva Gomes and S.A. Meguid (editors), INEGI-FEUP (2020), pp.995-996. <a href=\"https:\/\/paginas.fe.up.pt\/~irf\/Proceedings_IRF2020\/data\/papers\/17249.pdf\" target=\"_blank\" rel=\"noopener\">PDF<\/a><\/li>\n<li>Bogojevi\u0107 N., \u0106iri\u0107-Kosti\u0107 S., Vrani\u0107 A., Olmi G., Croccolo D. (2020) Influence of the Orientation of Steel Parts Produced by DMLS on the Fatigue Behaviour. In: Wang L., Majstorovic V., Mourtzis D., Carpanzano E., Moroni G., Galantucci L. (eds) Proceedings of 5th International Conference on the Industry 4.0 Model for Advanced Manufacturing. Lecture Notes in Mechanical Engineering. Springer, Cham. https:\/\/doi.org\/10.1007\/978-3-030-46212-3_22\u00a0<a href=\"https:\/\/doi.org\/10.1007\/978-3-030-46212-3_22\" target=\"_blank\" rel=\"noopener\">PDF<\/a><\/li>\n<li>Olmi G, Bogojevi\u0107 N, \u0106iri\u0107-Kosti\u0107 S, Croccolo D, Tomi\u0107 J, \u0160o\u0161ki\u0107 Z. Assessing the influence of DMLS production process factors on fatigue resistance of Maraging steel MS1 in the finite life domain using ANN prediction abilities. Proceedings of the Institution of Mechanical Engineers, Part L: Journal of Materials: Design and Applications. March 2022. <a href=\"https:\/\/doi.org\/10.1177%2F14644207221084068\" target=\"_blank\" rel=\"noopener\">doi:10.1177\/14644207221084068<\/a><\/li>\n<\/ol>\n\n","protected":false},"excerpt":{"rendered":"<p>D. Croccolo, M. De Agostinis, S. Fini, G. Olmi, A. Vranic, S. Ciric-Kostic: &#8220;An Experimental Study on the Fatigue Response of 15-5 PH Stainless Steel Built by DMLS&#8221;, Proceedings of IX International Conference &#8220;Heavy Machinery-HM 2017&#8221;, Zlatibor, 28 June &#8211; 1 July 2017, pp.9-16 (2017) PDF Nebojsa Bogojevic, Aleksandar Vranic, Nusret Muharemovic, Nenad Drvar: &#8220;Surface &hellip; <\/p>\n<p class=\"link-more\"><a href=\"https:\/\/www.mfkv.kg.ac.rs\/a_madam\/index.php\/publications\/\" class=\"more-link\">Continue reading<span class=\"screen-reader-text\"> &#8220;Publications&#8221;<\/span><\/a><\/p>\n","protected":false},"author":3,"featured_media":0,"parent":0,"menu_order":3,"comment_status":"closed","ping_status":"closed","template":"","meta":[],"_links":{"self":[{"href":"https:\/\/www.mfkv.kg.ac.rs\/a_madam\/index.php\/wp-json\/wp\/v2\/pages\/57"}],"collection":[{"href":"https:\/\/www.mfkv.kg.ac.rs\/a_madam\/index.php\/wp-json\/wp\/v2\/pages"}],"about":[{"href":"https:\/\/www.mfkv.kg.ac.rs\/a_madam\/index.php\/wp-json\/wp\/v2\/types\/page"}],"author":[{"embeddable":true,"href":"https:\/\/www.mfkv.kg.ac.rs\/a_madam\/index.php\/wp-json\/wp\/v2\/users\/3"}],"replies":[{"embeddable":true,"href":"https:\/\/www.mfkv.kg.ac.rs\/a_madam\/index.php\/wp-json\/wp\/v2\/comments?post=57"}],"version-history":[{"count":60,"href":"https:\/\/www.mfkv.kg.ac.rs\/a_madam\/index.php\/wp-json\/wp\/v2\/pages\/57\/revisions"}],"predecessor-version":[{"id":1984,"href":"https:\/\/www.mfkv.kg.ac.rs\/a_madam\/index.php\/wp-json\/wp\/v2\/pages\/57\/revisions\/1984"}],"wp:attachment":[{"href":"https:\/\/www.mfkv.kg.ac.rs\/a_madam\/index.php\/wp-json\/wp\/v2\/media?parent=57"}],"curies":[{"name":"wp","href":"https:\/\/api.w.org\/{rel}","templated":true}]}}