{"id":1834,"date":"2021-11-28T00:37:41","date_gmt":"2021-11-28T00:37:41","guid":{"rendered":"http:\/\/www.mfkv.kg.ac.rs\/a_madam\/?page_id=1834"},"modified":"2021-11-30T19:43:27","modified_gmt":"2021-11-30T19:43:27","slug":"wsvideo","status":"publish","type":"page","link":"https:\/\/www.mfkv.kg.ac.rs\/a_madam\/index.php\/media\/wsvideo\/","title":{"rendered":"Workshops &#8211; recorded lectures"},"content":{"rendered":"\n<h1>English<\/h1>\n<ul>\n<li>Institutional framework if the A_MADAM project \u2013 Horizon 2020, MSCA, RISE\n<ul>\n<li>lecturer: Prof. Zlatan \u0160o\u0161ki\u0107 (UniKV)<\/li>\n<li>URL: <a href=\"https:\/\/youtu.be\/gps2balidJU\">https:\/\/youtu.be\/gps2balidJU<\/a>\u00a0<\/li>\n<\/ul>\n<\/li>\n<li>Fatigue response of as-built DMLS maraging steel\n<ul>\n<li>lecturer: Prof. Dario Croccolo (UniBo)<\/li>\n<li>URL: <a href=\"https:\/\/youtu.be\/Np6Wy_kM0eg\">https:\/\/youtu.be\/Np6Wy_kM0eg<\/a><\/li>\n<\/ul>\n<\/li>\n<li>Fatigue of additively manufactured steels with particular regard to Maraging Stainless Steel CX\n<ul>\n<li>lecturer: Prof. Giorgio Olmi (UniBo)<\/li>\n<li>URL: <a href=\"https:\/\/youtu.be\/H_8G8ZCgxm8\">https:\/\/youtu.be\/H_8G8ZCgxm8<\/a><\/li>\n<\/ul>\n<\/li>\n<li>Fracture mechanics of AM materials\n<ul>\n<li>lecturer: Prof. Giangiacomo Minak (UniBo)<\/li>\n<li>URL: <a href=\"https:\/\/youtu.be\/wyXSzy3zNro\">https:\/\/youtu.be\/wyXSzy3zNro<\/a><\/li>\n<\/ul>\n<\/li>\n<li>Production costs of additive manufacturing\n<ul>\n<li>lecturer: Michele Monti (SP)<\/li>\n<li>URL: <a href=\"https:\/\/youtu.be\/Yht3Sg0LVC4\">https:\/\/youtu.be\/Yht3Sg0LVC4<\/a><\/li>\n<\/ul>\n<\/li>\n<\/ul>\n<h1>Bosnian\/Croatian\/Serbian<\/h1>\n<ul>\n<li>Institutional framework if the A_MADAM project \u2013 Horizon 2020, MSCA, RISE\n<ul>\n<li>Original title: Institucionalni okvir projekta A_MADAM<\/li>\n<li>lecturer: Prof. Zlatan \u0160o\u0161ki\u0107 (UniKV)<\/li>\n<li>URL: <a href=\"https:\/\/youtu.be\/CD1FySGWtyU\">https:\/\/youtu.be\/CD1FySGWtyU<\/a><\/li>\n<\/ul>\n<\/li>\n<li>Additive manufacturing of high-performance components\n<ul>\n<li>Original title: Aditivna proizvodnja komponenti visokih mehani\u010dkih performansi<\/li>\n<li>lecturer: Prof. Sne\u017eana \u0106iri\u0107 Kosti\u0107 (UniKV)<\/li>\n<li>URL: <a href=\"https:\/\/youtu.be\/miRZoTJzVqY\">https:\/\/youtu.be\/miRZoTJzVqY<\/a><\/li>\n<\/ul>\n<\/li>\n<li>Design for additive manufacturing\n<ul>\n<li>Original title: Projektovanje za aditivnu proizvodnju<\/li>\n<li>lecturer: Prof. Neboj\u0161a Bogojevi\u0107 (UniKV)<\/li>\n<li>URL: <a href=\"https:\/\/youtu.be\/hYPbl4TLeL0\">https:\/\/youtu.be\/hYPbl4TLeL0<\/a><\/li>\n<\/ul>\n<\/li>\n<li>Optimization of injection moulding tools by additive manufacturing\n<ul>\n<li>Original title: Optimizacija alata za brizganje plastike aditivnim proizvodnim tehnologijama<\/li>\n<li>lecturer: Nusret Muharemovi\u0107 (PLA)<\/li>\n<li>URL: <a href=\"https:\/\/youtu.be\/hGL2M0sxzg0\">https:\/\/youtu.be\/hGL2M0sxzg0<\/a><\/li>\n<\/ul>\n<\/li>\n<li>Optical systems for measurement of shapes, displacements and deformation in A_MADAM project<br \/>\n<ul>\n<li>Original title: Opti\u010dki mjerni sustavi za 3D mjerenje oblika, pomaka i deformacija u projektu A_MADAM<\/li>\n<li>lecturer: Dr Nenad Drvar and Josip Kos (TOP)<\/li>\n<li>URL: <a href=\"https:\/\/youtu.be\/LDPNDziR_VA\">https:\/\/youtu.be\/LDPNDziR_VA<\/a><\/li>\n<\/ul>\n<\/li>\n<li>Production costs of additive manufacturing\n<ul>\n<li>Original title: Proizvodni tro\u0161kovi aditivne proizvodnje<\/li>\n<li>lecturer: Prof. Zlatan \u0160o\u0161ki\u0107 (UniKV)<\/li>\n<li>URL: <a href=\"https:\/\/youtu.be\/V8wwpM7CirU\">https:\/\/youtu.be\/V8wwpM7CirU<\/a><\/li>\n<\/ul>\n<\/li>\n<li>A_MADAM project results\n<ul>\n<li>Original title: Napredna pravila projektovanja za optimalna dinami\u010dka svojstva proizvoda aditivnih tehnologija<\/li>\n<li>lecturer: Prof. Sne\u017eana \u0106iri\u0107-Kosti\u0107 (UniKV)<\/li>\n<li>URL: <a href=\"https:\/\/youtu.be\/E_kjpyNgSLg\">https:\/\/youtu.be\/E_kjpyNgSLg<\/a><\/li>\n<\/ul>\n<\/li>\n<\/ul>\n<h1>Italian<\/h1>\n<ul>\n<li>Fracture mechanics of AM materials\n<ul>\n<li>Original title: Meccanica della frattura dei prodotti AM<\/li>\n<li>lecturer: Prof. Giangiacomo Minak (UniBo)<\/li>\n<li>URL: <a href=\"https:\/\/youtu.be\/gXE_b41NiME\">https:\/\/youtu.be\/gXE_b41NiME<\/a><\/li>\n<\/ul>\n<\/li>\n<li>Fatigue behaviour of AM steels\n<ul>\n<li>Original title: Fatica di acciai realizzati con processi additivi<\/li>\n<li>lecturer: Prof. Giorgio Olmi (UniBo)<\/li>\n<li>URL: <a href=\"https:\/\/youtu.be\/D1bWsO1S0hE\">https:\/\/youtu.be\/D1bWsO1S0hE<\/a><\/li>\n<\/ul>\n<\/li>\n<\/ul>\n<p>\u00a0<\/p>\n","protected":false},"excerpt":{"rendered":"<p>English Institutional framework if the A_MADAM project \u2013 Horizon 2020, MSCA, RISE lecturer: Prof. Zlatan \u0160o\u0161ki\u0107 (UniKV) URL: https:\/\/youtu.be\/gps2balidJU\u00a0 Fatigue response of as-built DMLS maraging steel lecturer: Prof. Dario Croccolo (UniBo) URL: https:\/\/youtu.be\/Np6Wy_kM0eg Fatigue of additively manufactured steels with particular regard to Maraging Stainless Steel CX lecturer: Prof. Giorgio Olmi (UniBo) URL: https:\/\/youtu.be\/H_8G8ZCgxm8 Fracture mechanics &hellip; <\/p>\n<p class=\"link-more\"><a href=\"https:\/\/www.mfkv.kg.ac.rs\/a_madam\/index.php\/media\/wsvideo\/\" class=\"more-link\">Continue reading<span class=\"screen-reader-text\"> &#8220;Workshops &#8211; recorded lectures&#8221;<\/span><\/a><\/p>\n","protected":false},"author":3,"featured_media":0,"parent":74,"menu_order":3,"comment_status":"closed","ping_status":"closed","template":"","meta":[],"_links":{"self":[{"href":"https:\/\/www.mfkv.kg.ac.rs\/a_madam\/index.php\/wp-json\/wp\/v2\/pages\/1834"}],"collection":[{"href":"https:\/\/www.mfkv.kg.ac.rs\/a_madam\/index.php\/wp-json\/wp\/v2\/pages"}],"about":[{"href":"https:\/\/www.mfkv.kg.ac.rs\/a_madam\/index.php\/wp-json\/wp\/v2\/types\/page"}],"author":[{"embeddable":true,"href":"https:\/\/www.mfkv.kg.ac.rs\/a_madam\/index.php\/wp-json\/wp\/v2\/users\/3"}],"replies":[{"embeddable":true,"href":"https:\/\/www.mfkv.kg.ac.rs\/a_madam\/index.php\/wp-json\/wp\/v2\/comments?post=1834"}],"version-history":[{"count":14,"href":"https:\/\/www.mfkv.kg.ac.rs\/a_madam\/index.php\/wp-json\/wp\/v2\/pages\/1834\/revisions"}],"predecessor-version":[{"id":1874,"href":"https:\/\/www.mfkv.kg.ac.rs\/a_madam\/index.php\/wp-json\/wp\/v2\/pages\/1834\/revisions\/1874"}],"up":[{"embeddable":true,"href":"https:\/\/www.mfkv.kg.ac.rs\/a_madam\/index.php\/wp-json\/wp\/v2\/pages\/74"}],"wp:attachment":[{"href":"https:\/\/www.mfkv.kg.ac.rs\/a_madam\/index.php\/wp-json\/wp\/v2\/media?parent=1834"}],"curies":[{"name":"wp","href":"https:\/\/api.w.org\/{rel}","templated":true}]}}