{"id":973,"date":"2018-12-27T15:52:03","date_gmt":"2018-12-27T15:52:03","guid":{"rendered":"http:\/\/91.187.134.10\/a_madam\/?page_id=973"},"modified":"2021-09-20T21:44:41","modified_gmt":"2021-09-20T21:44:41","slug":"ev181101","status":"publish","type":"page","link":"http:\/\/www.mfkv.kg.ac.rs\/a_madam\/index.php\/events\/ev181101\/","title":{"rendered":"&#8220;Impossible Design&#8221;, 2018\/19 edition"},"content":{"rendered":"<p>The \u201cImPossible Design\u201c is a competition for young mechanical and industrial designers aimed to promote additive manufacturing, which&nbsp;removes the conventional limitations of designers&#8217; creativity and innovativeness in the process of new product development.<\/p>\n<p class=\"ZS_followed\">The authors of the most successful solutions will be awarded 3D printers and a scanner at the winners&#8217; announcement ceremony during the exhibition<strong>&nbsp;<\/strong>\u201cImPossible Design \u2013 A_MADAM\u201d, which will be organised in September 2019 within the manifestation \u201cThe Researchers&#8217; Night\u201c in Belgrade.<\/p>\n<figure id=\"attachment_194\" aria-describedby=\"caption-attachment-194\" style=\"width: 322px\" class=\"wp-caption aligncenter\"><img loading=\"lazy\" class=\"wp-image-194 size-medium\" src=\"http:\/\/91.187.134.10\/a_madam\/wp-content\/uploads\/2018\/12\/181101_ImPossible-Design_mid.jpg\" width=\"322\" height=\"456\"><figcaption id=\"caption-attachment-194\" class=\"wp-caption-text\">The official poster of the 2018\/19 ImPossible Design competition<\/figcaption><\/figure>\n<p>The first edition of the competition was held in 2013\/14 as a national Serbian competition.<\/p>\n<p>The 2018\/19 edition of the competition was opened on 1st of November 2018, and the promotion campaign was organized as a series of events held in Bosnia &amp; Herzegovina (at University of Tuzla), Croatia (at University of Zagreb), Italy (at University of Bologna and Valsamoggia Fablab) and Serbia (at University of Belgrade). Besides, the contest was promoted in Croatian and Serbian media and internet using the networks of project partners.&nbsp; All the information about the application, selection and awarding processes were available at the&nbsp;<a href=\"http:\/\/www.3dimpuls.com\/en\/news\/impossible-design-design-prototype-competition-young-designers-amadam-advanced-design-optimal\" target=\"_blank\" rel=\"noopener\">ImPossible Design webpage<\/a>&nbsp;, where the <a href=\"http:\/\/www.3dimpuls.com\/sites\/default\/files\/doku_novosti\/11122018%20A_MADAM_neMogu_i%20dizajn_propositionEng.pdf\" target=\"_blank\" rel=\"noopener\">promotion leaflet of the competition <\/a>could&nbsp;be downloaded.<\/p>\n<p class=\"ZS_followed\">The initial deadline for applications was initially 1st of May 2019, but, due to the increased submission on 30th of April 2019, the application period was extended to the 15th of May 2019. 26 authors from Croatia, Italy and Serbia applied 49 3D models for the contest with the following distribution of the applications:<\/p>\n<table>\n<tbody>\n<tr>\n<td style=\"width: 50px;\"><\/td>\n<td>Country<\/td>\n<td>Croatia<\/td>\n<td>Italy<\/td>\n<td>Serbia<\/td>\n<td style=\"width: 50px;\"><\/td>\n<\/tr>\n<tr>\n<td style=\"width: 50px;\"><\/td>\n<td>Authors<\/td>\n<td>7<\/td>\n<td>4<\/td>\n<td>15<\/td>\n<td style=\"width: 50px;\"><\/td>\n<\/tr>\n<tr>\n<td style=\"width: 50px;\"><\/td>\n<td>Models<\/td>\n<td>10<\/td>\n<td>11<\/td>\n<td>28<\/td>\n<td style=\"width: 50px;\"><\/td>\n<\/tr>\n<\/tbody>\n<\/table>\n<p class=\"ZS_followed\">By the combined votes of the international Jury of Experts, consisting of \/ordered by age\/:<\/p>\n<ul class=\"ZS_insert\">\n<li>Prof. Kosta Krsmanovi\u0107, retired Professor in Industrial Design at the Faculty of Applied Arts of the University of Arts in Belgrade \/Serbia\/<\/li>\n<li>Prof. Giangiacomo Minak, Professor in Mechanical Design at DIN department of University of Bologna \/Italy\/<\/li>\n<li>Amir \u0160e\u0107erkadi\u0107, Mechanical Designer, General Manager of IZIT, Zagreb \/Croatia\/<\/li>\n<li>Leo Vukeli\u0107, MA, Designer and member of the Croatian Designers Society, Zagreb \/Croatia\/<\/li>\n<li>Dr Neboj\u0161a Bogojevi\u0107, Additive Manufacturing Expert at Faculty of Mechanical and Civil Engineering at Kraljevo of University of Kragujevac \/Serbia\/<\/li>\n<li>Michele Monti, Digital Design and Manufacturing Expert, CEO of \u201cJuno Design\u201d, Bologna \/Italy\/<\/li>\n<\/ul>\n<p class=\"ZS_following\">were selected three authors as winners of the \u201cImPossible Design 2018\/19\u201d contest. Each of the winners will be awarded a 3D printer MakerBot\u00ae Replicator\u00ae 2X, and below are presented information about the awarded models and winners:<\/p>\n<figure id=\"attachment_194\" aria-describedby=\"caption-attachment-194\" style=\"width: 400px\" class=\"wp-caption aligncenter\"><img loading=\"lazy\" class=\"aligncenter size-full wp-image-1243\" src=\"http:\/\/91.187.134.10\/a_madam\/wp-content\/uploads\/2018\/12\/A1_MK_LabirintKocka_small.jpg\" alt=\"\" width=\"400\" height=\"225\" srcset=\"http:\/\/www.mfkv.kg.ac.rs\/a_madam\/wp-content\/uploads\/2018\/12\/A1_MK_LabirintKocka_small.jpg 400w, http:\/\/www.mfkv.kg.ac.rs\/a_madam\/wp-content\/uploads\/2018\/12\/A1_MK_LabirintKocka_small-300x169.jpg 300w\" sizes=\"(max-width: 400px) 100vw, 400px\" \/><figcaption id=\"caption-attachment-194\" class=\"wp-caption-text\">&#8220;MK_Labyrinth_Cube&#8221; by Mladen Konecki \/Croatia\/<\/figcaption><\/figure>\n<figure id=\"attachment_194\" aria-describedby=\"caption-attachment-194\" style=\"width: 400px\" class=\"wp-caption aligncenter\"><img loading=\"lazy\" class=\"aligncenter size-full wp-image-1246\" src=\"http:\/\/91.187.134.10\/a_madam\/wp-content\/uploads\/2018\/12\/A2_RambaldiSphereFinal_small.jpg\" alt=\"\" width=\"400\" height=\"300\" srcset=\"http:\/\/www.mfkv.kg.ac.rs\/a_madam\/wp-content\/uploads\/2018\/12\/A2_RambaldiSphereFinal_small.jpg 400w, http:\/\/www.mfkv.kg.ac.rs\/a_madam\/wp-content\/uploads\/2018\/12\/A2_RambaldiSphereFinal_small-300x225.jpg 300w\" sizes=\"(max-width: 400px) 100vw, 400px\" \/><figcaption id=\"caption-attachment-194\" class=\"wp-caption-text\">&#8220;Rambaldi Cryptex&#8221; by Marko Jovanovic \/Serbia\/<\/figcaption><\/figure>\n<figure id=\"attachment_194\" aria-describedby=\"caption-attachment-194\" style=\"width: 400px\" class=\"wp-caption aligncenter\"><img loading=\"lazy\" class=\"aligncenter size-full wp-image-1248\" src=\"http:\/\/91.187.134.10\/a_madam\/wp-content\/uploads\/2018\/12\/A3_small.png\" alt=\"\" width=\"400\" height=\"225\" srcset=\"http:\/\/www.mfkv.kg.ac.rs\/a_madam\/wp-content\/uploads\/2018\/12\/A3_small.png 400w, http:\/\/www.mfkv.kg.ac.rs\/a_madam\/wp-content\/uploads\/2018\/12\/A3_small-300x169.png 300w\" sizes=\"(max-width: 400px) 100vw, 400px\" \/><figcaption id=\"caption-attachment-194\" class=\"wp-caption-text\">&#8220;LO.2&#8221; by Elisa Pecci \/Italy\/<\/figcaption><\/figure>\n<p class=\"ZS_followed\">By the largest number of votes received during the public voting was selected one winner who will be awarded the 3D scanner MakerBot\u00ae Digitizer TM Desktop:<\/p>\n<figure id=\"attachment_194\" aria-describedby=\"caption-attachment-194\" style=\"width: 400px\" class=\"wp-caption aligncenter\"><img loading=\"lazy\" class=\"aligncenter size-full wp-image-1251\" src=\"http:\/\/91.187.134.10\/a_madam\/wp-content\/uploads\/2018\/12\/P1_small.jpg\" alt=\"\" width=\"400\" height=\"265\" srcset=\"http:\/\/www.mfkv.kg.ac.rs\/a_madam\/wp-content\/uploads\/2018\/12\/P1_small.jpg 400w, http:\/\/www.mfkv.kg.ac.rs\/a_madam\/wp-content\/uploads\/2018\/12\/P1_small-300x199.jpg 300w\" sizes=\"(max-width: 400px) 100vw, 400px\" \/><figcaption id=\"caption-attachment-194\" class=\"wp-caption-text\">&#8220;Lamp to open and close&#8221; by Asmir Daglar \/Serbia\/<\/figcaption><\/figure>\n<p class=\"ZS_followed\">As a gesture of appreciation of the efforts of participants in the contest, the Project Manager of the A_MADAM project decided to present a 3D printed models to two authors whose models had and outstanding aesthetic appeal, Andrija Mihelcic \/Croatia\/ amd Marko Vucic \/Serbia\/, as well as to an author whose models had exceptionally complex design, Marko Todorovic \/Serbia\/.<\/p>\n","protected":false},"excerpt":{"rendered":"<p>The \u201cImPossible Design\u201c is a competition for young mechanical and industrial designers aimed to promote additive manufacturing, which&nbsp;removes the conventional limitations of designers&#8217; creativity and innovativeness in the process of new product development. The authors of the most successful solutions will be awarded 3D printers and a scanner at the winners&#8217; announcement ceremony during the &hellip; <\/p>\n<p class=\"link-more\"><a href=\"http:\/\/www.mfkv.kg.ac.rs\/a_madam\/index.php\/events\/ev181101\/\" class=\"more-link\">Continue reading<span class=\"screen-reader-text\"> &#8220;&#8220;Impossible Design&#8221;, 2018\/19 edition&#8221;<\/span><\/a><\/p>\n","protected":false},"author":3,"featured_media":0,"parent":60,"menu_order":14,"comment_status":"closed","ping_status":"closed","template":"","meta":[],"_links":{"self":[{"href":"http:\/\/www.mfkv.kg.ac.rs\/a_madam\/index.php\/wp-json\/wp\/v2\/pages\/973"}],"collection":[{"href":"http:\/\/www.mfkv.kg.ac.rs\/a_madam\/index.php\/wp-json\/wp\/v2\/pages"}],"about":[{"href":"http:\/\/www.mfkv.kg.ac.rs\/a_madam\/index.php\/wp-json\/wp\/v2\/types\/page"}],"author":[{"embeddable":true,"href":"http:\/\/www.mfkv.kg.ac.rs\/a_madam\/index.php\/wp-json\/wp\/v2\/users\/3"}],"replies":[{"embeddable":true,"href":"http:\/\/www.mfkv.kg.ac.rs\/a_madam\/index.php\/wp-json\/wp\/v2\/comments?post=973"}],"version-history":[{"count":28,"href":"http:\/\/www.mfkv.kg.ac.rs\/a_madam\/index.php\/wp-json\/wp\/v2\/pages\/973\/revisions"}],"predecessor-version":[{"id":1670,"href":"http:\/\/www.mfkv.kg.ac.rs\/a_madam\/index.php\/wp-json\/wp\/v2\/pages\/973\/revisions\/1670"}],"up":[{"embeddable":true,"href":"http:\/\/www.mfkv.kg.ac.rs\/a_madam\/index.php\/wp-json\/wp\/v2\/pages\/60"}],"wp:attachment":[{"href":"http:\/\/www.mfkv.kg.ac.rs\/a_madam\/index.php\/wp-json\/wp\/v2\/media?parent=973"}],"curies":[{"name":"wp","href":"https:\/\/api.w.org\/{rel}","templated":true}]}}