{"id":925,"date":"2018-05-03T09:37:54","date_gmt":"2018-05-03T09:37:54","guid":{"rendered":"http:\/\/91.187.134.10\/a_madam\/?page_id=925"},"modified":"2018-05-03T10:07:09","modified_gmt":"2018-05-03T10:07:09","slug":"ev180427","status":"publish","type":"page","link":"http:\/\/www.mfkv.kg.ac.rs\/a_madam\/index.php\/events\/ev180427\/","title":{"rendered":"FABelgrade 2018, Belgrade 27-29 April 2018"},"content":{"rendered":"<p><a href=\"http:\/\/www.fabelgrade.io\/\" target=\"_blank\">FABelgrade<\/a> is a biennial regional convention dedicated to promotion of digital fabrication and fab lab concept and their application in various fields.<\/p>\n<p>Supporting and promoting industrial application of additive manufacturing, A_MADAM project team participated at the event. With the aim to be closer to young generations, this time our team consisted of our youngest team members, Michele Monti (who was a <a href=\"http:\/\/www.fabelgrade.io\/speakers\/\" target=\"_blank\">panelist<\/a> at the event) and Marco Cardu from &#8220;Studio Pedrini&#8221;, as well as Jelena Tomi\u0107 and Neboj\u0161a Bogojevi\u0107 from UniKV.<\/p>\n<figure id=\"attachment_935\" aria-describedby=\"caption-attachment-935\" style=\"width: 1280px\" class=\"wp-caption aligncenter\"><img loading=\"lazy\" class=\"size-full wp-image-935\" src=\"http:\/\/91.187.134.10\/a_madam\/wp-content\/uploads\/2018\/05\/IMG-20180428_123002.jpg\" alt=\"\" width=\"1280\" height=\"960\" srcset=\"http:\/\/www.mfkv.kg.ac.rs\/a_madam\/wp-content\/uploads\/2018\/05\/IMG-20180428_123002.jpg 1280w, http:\/\/www.mfkv.kg.ac.rs\/a_madam\/wp-content\/uploads\/2018\/05\/IMG-20180428_123002-300x225.jpg 300w, http:\/\/www.mfkv.kg.ac.rs\/a_madam\/wp-content\/uploads\/2018\/05\/IMG-20180428_123002-768x576.jpg 768w, http:\/\/www.mfkv.kg.ac.rs\/a_madam\/wp-content\/uploads\/2018\/05\/IMG-20180428_123002-1024x768.jpg 1024w\" sizes=\"(max-width: 767px) 89vw, (max-width: 1000px) 54vw, (max-width: 1071px) 543px, 580px\" \/><figcaption id=\"caption-attachment-935\" class=\"wp-caption-text\"><\/p>\n<p align=\"center\">(From left to right) Neboj\u0161a Bogojevi\u0107, Michele Monti, Jelena Tomi\u0107 and Marco Cardu at FABelgrade 2018<\/figcaption><\/figure>\n","protected":false},"excerpt":{"rendered":"<p>FABelgrade is a biennial regional convention dedicated to promotion of digital fabrication and fab lab concept and their application in various fields. Supporting and promoting industrial application of additive manufacturing, A_MADAM project team participated at the event. With the aim to be closer to young generations, this time our team consisted of our youngest team &hellip; <\/p>\n<p class=\"link-more\"><a href=\"http:\/\/www.mfkv.kg.ac.rs\/a_madam\/index.php\/events\/ev180427\/\" class=\"more-link\">Continue reading<span class=\"screen-reader-text\"> &#8220;FABelgrade 2018, Belgrade 27-29 April 2018&#8221;<\/span><\/a><\/p>\n","protected":false},"author":3,"featured_media":0,"parent":60,"menu_order":8,"comment_status":"closed","ping_status":"closed","template":"","meta":[],"_links":{"self":[{"href":"http:\/\/www.mfkv.kg.ac.rs\/a_madam\/index.php\/wp-json\/wp\/v2\/pages\/925"}],"collection":[{"href":"http:\/\/www.mfkv.kg.ac.rs\/a_madam\/index.php\/wp-json\/wp\/v2\/pages"}],"about":[{"href":"http:\/\/www.mfkv.kg.ac.rs\/a_madam\/index.php\/wp-json\/wp\/v2\/types\/page"}],"author":[{"embeddable":true,"href":"http:\/\/www.mfkv.kg.ac.rs\/a_madam\/index.php\/wp-json\/wp\/v2\/users\/3"}],"replies":[{"embeddable":true,"href":"http:\/\/www.mfkv.kg.ac.rs\/a_madam\/index.php\/wp-json\/wp\/v2\/comments?post=925"}],"version-history":[{"count":11,"href":"http:\/\/www.mfkv.kg.ac.rs\/a_madam\/index.php\/wp-json\/wp\/v2\/pages\/925\/revisions"}],"predecessor-version":[{"id":939,"href":"http:\/\/www.mfkv.kg.ac.rs\/a_madam\/index.php\/wp-json\/wp\/v2\/pages\/925\/revisions\/939"}],"up":[{"embeddable":true,"href":"http:\/\/www.mfkv.kg.ac.rs\/a_madam\/index.php\/wp-json\/wp\/v2\/pages\/60"}],"wp:attachment":[{"href":"http:\/\/www.mfkv.kg.ac.rs\/a_madam\/index.php\/wp-json\/wp\/v2\/media?parent=925"}],"curies":[{"name":"wp","href":"https:\/\/api.w.org\/{rel}","templated":true}]}}