{"id":1843,"date":"2021-11-28T00:51:07","date_gmt":"2021-11-28T00:51:07","guid":{"rendered":"http:\/\/www.mfkv.kg.ac.rs\/a_madam\/?page_id=1843"},"modified":"2021-11-30T19:40:19","modified_gmt":"2021-11-30T19:40:19","slug":"wsppt","status":"publish","type":"page","link":"http:\/\/www.mfkv.kg.ac.rs\/a_madam\/index.php\/wsppt\/","title":{"rendered":"Workshops &#8211; presentations"},"content":{"rendered":"\n<h1>Presentations in Bosnian\/Croatian\/Serbian<\/h1>\n<ul>\n<li>Institutional framework if the A_MADAM project \u2013 Horizon 2020, MSCA, RISE\n<ul>\n<li>Original title: Institucionalni okvir projekta A_MADAM<\/li>\n<li>lecturer: Prof. Zlatan \u0160o\u0161ki\u0107 (UniKV)<\/li>\n<li>URL: <a href=\"http:\/\/www.mfkv.kg.ac.rs\/a_madam\/wp-content\/uploads\/2021\/11\/Soskic_Horizon-2020-MSCA-RISE.pdf\">link<\/a><\/li>\n<\/ul>\n<\/li>\n<li>Additive manufacturing of high-performance components\n<ul>\n<li>Original title: Aditivna proizvodnja komponenti visokih mehani\u010dkih performansi<\/li>\n<li>lecturer: Prof. Sne\u017eana \u0106iri\u0107 Kosti\u0107 (UniKV)<\/li>\n<li>URL: <a href=\"http:\/\/www.mfkv.kg.ac.rs\/a_madam\/wp-content\/uploads\/2021\/11\/Ciric-Kostic_AM-komponenti-visokih-meh-performansi.pdf\">link<\/a><\/li>\n<\/ul>\n<\/li>\n<li>Design for additive manufacturing\n<ul>\n<li>Original title: Projektovanje za aditivnu proizvodnju<\/li>\n<li>lecturer: Prof. Neboj\u0161a Bogojevi\u0107 (UniKV)<\/li>\n<li>URL: <a href=\"http:\/\/www.mfkv.kg.ac.rs\/a_madam\/wp-content\/uploads\/2021\/11\/2020-02-27-Gracanica-Bogojevic.pdf\">link<\/a><\/li>\n<\/ul>\n<\/li>\n<li>Advanced design rules for optimal dynamic properties of additive manufacturing products\n<ul>\n<li>Original title: Napredna pravila projektovanja za optimalna dinami\u010dka svojstva proizvoda aditivnih proizvodnih tehnologija<\/li>\n<li>lecturer: Prof. Sne\u017eana \u0106iri\u0107 Kosti\u0107 (UniKV)<\/li>\n<li>URL: <a href=\"http:\/\/www.mfkv.kg.ac.rs\/a_madam\/wp-content\/uploads\/2021\/11\/5-A_MADAM-rezultati.pdf\">link<\/a><\/li>\n<\/ul>\n<\/li>\n<li>Optimization of injection moulding tools by additive manufacturing\n<ul>\n<li>Original title: Optimizacija alata za brizganje plastike aditivnim proizvodnim tehnologijama<\/li>\n<li>lecturer: Nusret Muharemovi\u0107 (PLA)<\/li>\n<li>URL: <a href=\"http:\/\/www.mfkv.kg.ac.rs\/a_madam\/wp-content\/uploads\/2021\/11\/Muharemovic_WS-Kraljevo.pdf\">link<\/a><\/li>\n<\/ul>\n<\/li>\n<li>Optical systems for measurement of shapes, displacements and deformation in A_MADAM project<br>\n<ul>\n<li>Original title: Opti\u010dki mjerni sustavi za 3D mjerenje oblika, pomaka i deformacija u projektu A_MADAM<\/li>\n<li>lecturer: Dr Nenad Drvar and Josip Kos (TOP)<\/li>\n<li>URL: <a href=\"http:\/\/www.mfkv.kg.ac.rs\/a_madam\/wp-content\/uploads\/2021\/11\/Amadam-workshop-Croatia.pdf\">link<\/a><\/li>\n<\/ul>\n<\/li>\n<li>Production costs of additive manufacturing\n<ul>\n<li>Original title: Proizvodni tro\u0161kovi aditivne proizvodnje<\/li>\n<li>lecturer: Prof. Zlatan \u0160o\u0161ki\u0107 (UniKV)<\/li>\n<li>URL: <a href=\"http:\/\/www.mfkv.kg.ac.rs\/a_madam\/wp-content\/uploads\/2021\/11\/Soskic_Troskovi.pdf\">link<\/a><\/li>\n<\/ul>\n<\/li>\n<\/ul>\n<h1>Presentations in English<\/h1>\n<ul>\n<li>Institutional framework if the A_MADAM project \u2013 Horizon 2020, MSCA, RISE\n<ul>\n<li>lecturer: Prof. Zlatan \u0160o\u0161ki\u0107 (UniKV)<\/li>\n<li>URL: <a href=\"http:\/\/www.mfkv.kg.ac.rs\/a_madam\/wp-content\/uploads\/2021\/11\/Soskic_Horizon-2020-MSCA-RISE_English.pdf\">link<\/a><\/li>\n<\/ul>\n<\/li>\n<li>Design for additive manufacturing\n<ul>\n<li>lecturer: Prof. Neboj\u0161a Bogojevi\u0107 (UniKV)<\/li>\n<li>URL: <a href=\"http:\/\/www.mfkv.kg.ac.rs\/a_madam\/wp-content\/uploads\/2021\/11\/2020-02-27-BogojevicN-\u0415N.pdf\">link<\/a><\/li>\n<\/ul>\n<\/li>\n<li>Fatigue response of as-built DMLS maraging steel\n<ul>\n<li>lecturer: Prof. Dario Croccolo (UniBo)<\/li>\n<li>URL: <a href=\"http:\/\/www.mfkv.kg.ac.rs\/a_madam\/wp-content\/uploads\/2021\/11\/A_MADAM_CROCCOLO_DISSEMINATION_english.pdf\">link<\/a><\/li>\n<\/ul>\n<\/li>\n<li>Fatigue of additively manufactured steels with particular regard to Maraging Stainless Steel CX\n<ul>\n<li>lecturer: Prof. Giorgio Olmi (UniBo)<\/li>\n<li>URL: <a href=\"http:\/\/www.mfkv.kg.ac.rs\/a_madam\/wp-content\/uploads\/2021\/11\/A_MADAM_OLMI_FINAL_DISSEMINATION.pdf\">link<\/a><\/li>\n<\/ul>\n<\/li>\n<li>Fracture mechanics of AM materials\n<ul>\n<li>lecturer: Prof. Giangiacomo Minak (UniBo)<\/li>\n<li>URL: <a href=\"http:\/\/www.mfkv.kg.ac.rs\/a_madam\/wp-content\/uploads\/2021\/11\/Presentazione-A_MADAM_Minak_english.pdf\">link<\/a><\/li>\n<\/ul>\n<\/li>\n<li>Production costs of additive manufacturing\n<ul>\n<li>lecturer: Michele Monti (SP)<\/li>\n<li>URL: <a href=\"http:\/\/www.mfkv.kg.ac.rs\/a_madam\/wp-content\/uploads\/2021\/11\/Monti_AMADAM_Costs_eng.pdf\">link<\/a><\/li>\n<\/ul>\n<\/li>\n<\/ul>\n","protected":false},"excerpt":{"rendered":"<p>Presentations in Bosnian\/Croatian\/Serbian Institutional framework if the A_MADAM project \u2013 Horizon 2020, MSCA, RISE Original title: Institucionalni okvir projekta A_MADAM lecturer: Prof. Zlatan \u0160o\u0161ki\u0107 (UniKV) URL: link Additive manufacturing of high-performance components Original title: Aditivna proizvodnja komponenti visokih mehani\u010dkih performansi lecturer: Prof. Sne\u017eana \u0106iri\u0107 Kosti\u0107 (UniKV) URL: link Design for additive manufacturing Original title: Projektovanje &hellip; <\/p>\n<p class=\"link-more\"><a href=\"http:\/\/www.mfkv.kg.ac.rs\/a_madam\/index.php\/wsppt\/\" class=\"more-link\">Continue reading<span class=\"screen-reader-text\"> &#8220;Workshops &#8211; presentations&#8221;<\/span><\/a><\/p>\n","protected":false},"author":3,"featured_media":0,"parent":0,"menu_order":4,"comment_status":"closed","ping_status":"closed","template":"","meta":[],"_links":{"self":[{"href":"http:\/\/www.mfkv.kg.ac.rs\/a_madam\/index.php\/wp-json\/wp\/v2\/pages\/1843"}],"collection":[{"href":"http:\/\/www.mfkv.kg.ac.rs\/a_madam\/index.php\/wp-json\/wp\/v2\/pages"}],"about":[{"href":"http:\/\/www.mfkv.kg.ac.rs\/a_madam\/index.php\/wp-json\/wp\/v2\/types\/page"}],"author":[{"embeddable":true,"href":"http:\/\/www.mfkv.kg.ac.rs\/a_madam\/index.php\/wp-json\/wp\/v2\/users\/3"}],"replies":[{"embeddable":true,"href":"http:\/\/www.mfkv.kg.ac.rs\/a_madam\/index.php\/wp-json\/wp\/v2\/comments?post=1843"}],"version-history":[{"count":8,"href":"http:\/\/www.mfkv.kg.ac.rs\/a_madam\/index.php\/wp-json\/wp\/v2\/pages\/1843\/revisions"}],"predecessor-version":[{"id":1871,"href":"http:\/\/www.mfkv.kg.ac.rs\/a_madam\/index.php\/wp-json\/wp\/v2\/pages\/1843\/revisions\/1871"}],"wp:attachment":[{"href":"http:\/\/www.mfkv.kg.ac.rs\/a_madam\/index.php\/wp-json\/wp\/v2\/media?parent=1843"}],"curies":[{"name":"wp","href":"https:\/\/api.w.org\/{rel}","templated":true}]}}