{"id":1770,"date":"2021-11-27T21:32:16","date_gmt":"2021-11-27T21:32:16","guid":{"rendered":"http:\/\/www.mfkv.kg.ac.rs\/a_madam\/?page_id=1770"},"modified":"2021-11-27T22:10:30","modified_gmt":"2021-11-27T22:10:30","slug":"ev211115","status":"publish","type":"page","link":"http:\/\/www.mfkv.kg.ac.rs\/a_madam\/index.php\/events\/ev211115\/","title":{"rendered":"A_MADAM project workshop for Croatia, 15 November 2021, Zagreb \/Croatia\/"},"content":{"rendered":"<p>The A_MADAM workshop for the territory of Croatia was held on 15 of November 2021 in Zagreb. The workshop was organized by TOP with participation of two ER researchers from UniKV. The language of the workshop was Croatian, but the similarity of the languages with Serbian enabled also a lecture delivered in national language by prof. Sne\u017eana \u0106iri\u0107 Kosti\u0107 and prof. Zlatan \u0160o\u0161ki\u0107.<\/p>\n<p>The venue was the conference hall of the Topomatika in Zagreb. The number of participants was limited by requests of COVID-19 protocols, as the number of persons in the hall was limited to 15. The audience consisted exclusively of mechanical and industrial designers.<\/p>\n<p class=\"ZS_followed\">The workshop described the design rules for additive manufacturing, the measurement technologies used during the A_MADAM project, and presentation of the Horizon 2020 program, MSCA actions and RISE call.<\/p>\n<table class=\"ZS_placeholder\">\n<tbody>\n<tr>\n<td class=\"ZS_placeholder\" valign=\"top\">\n<p class=\"ZS_followed\"><img loading=\"lazy\" class=\"aligncenter size-full wp-image-1516\" src=\"http:\/\/www.mfkv.kg.ac.rs\/a_madam\/wp-content\/uploads\/2021\/11\/ev211115a.jpg\" alt=\"\" width=\"533\" height=\"300\"><\/p>\n<p class=\"ZS_caption\">Participants of the workshop<\/p>\n<\/td>\n<td><\/td>\n<td class=\"ZS_placeholder\" valign=\"top\">\n<p class=\"ZS_followed\"><img loading=\"lazy\" class=\"aligncenter size-full wp-image-1516\" src=\"http:\/\/www.mfkv.kg.ac.rs\/a_madam\/wp-content\/uploads\/2021\/11\/ev211115b.jpg\" alt=\"\" width=\"400\" height=\"300\"><\/p>\n<p class=\"ZS_caption\">Lecturers of the workshop on pause<\/p>\n<\/td>\n<\/tr>\n<\/tbody>\n<\/table>\n<p class=\"ZS_followed\">The agenda of the workshop was:<\/p>\n<ul>\n<li>Greeting and introduction by Tomislav Hercigonja(TOP)<\/li>\n<li>EU programs Horizon 2020, MSCA and RISE by prof. Zlatan \u0160o\u0161ki\u0107 (UniKv)<\/li>\n<li>Additive Manufacturing of High-Performance Components and A_MADAM project by dr Sne\u017eana \u0106iri\u0107 Kosti\u0107 (UniKv)<\/li>\n<li>Optical measurements and shape digitalization by Josip Kos (TOP)<\/li>\n<li>Additive Manufacturing Costs by prof. Zlatan \u0160o\u0161ki\u0107 (FMCE &#8211; Kraljevo)<\/li>\n<li>Demonstration of the optical measurement methodologies by dr Nenad Drvar (TOP)<\/li>\n<\/ul>\n","protected":false},"excerpt":{"rendered":"<p>The A_MADAM workshop for the territory of Croatia was held on 15 of November 2021 in Zagreb. The workshop was organized by TOP with participation of two ER researchers from UniKV. The language of the workshop was Croatian, but the similarity of the languages with Serbian enabled also a lecture delivered in national language by &hellip; <\/p>\n<p class=\"link-more\"><a href=\"http:\/\/www.mfkv.kg.ac.rs\/a_madam\/index.php\/events\/ev211115\/\" class=\"more-link\">Continue reading<span class=\"screen-reader-text\"> &#8220;A_MADAM project workshop for Croatia, 15 November 2021, Zagreb \/Croatia\/&#8221;<\/span><\/a><\/p>\n","protected":false},"author":3,"featured_media":0,"parent":60,"menu_order":37,"comment_status":"closed","ping_status":"closed","template":"","meta":[],"_links":{"self":[{"href":"http:\/\/www.mfkv.kg.ac.rs\/a_madam\/index.php\/wp-json\/wp\/v2\/pages\/1770"}],"collection":[{"href":"http:\/\/www.mfkv.kg.ac.rs\/a_madam\/index.php\/wp-json\/wp\/v2\/pages"}],"about":[{"href":"http:\/\/www.mfkv.kg.ac.rs\/a_madam\/index.php\/wp-json\/wp\/v2\/types\/page"}],"author":[{"embeddable":true,"href":"http:\/\/www.mfkv.kg.ac.rs\/a_madam\/index.php\/wp-json\/wp\/v2\/users\/3"}],"replies":[{"embeddable":true,"href":"http:\/\/www.mfkv.kg.ac.rs\/a_madam\/index.php\/wp-json\/wp\/v2\/comments?post=1770"}],"version-history":[{"count":9,"href":"http:\/\/www.mfkv.kg.ac.rs\/a_madam\/index.php\/wp-json\/wp\/v2\/pages\/1770\/revisions"}],"predecessor-version":[{"id":1784,"href":"http:\/\/www.mfkv.kg.ac.rs\/a_madam\/index.php\/wp-json\/wp\/v2\/pages\/1770\/revisions\/1784"}],"up":[{"embeddable":true,"href":"http:\/\/www.mfkv.kg.ac.rs\/a_madam\/index.php\/wp-json\/wp\/v2\/pages\/60"}],"wp:attachment":[{"href":"http:\/\/www.mfkv.kg.ac.rs\/a_madam\/index.php\/wp-json\/wp\/v2\/media?parent=1770"}],"curies":[{"name":"wp","href":"https:\/\/api.w.org\/{rel}","templated":true}]}}