{"id":1661,"date":"2021-09-20T21:42:18","date_gmt":"2021-09-20T21:42:18","guid":{"rendered":"http:\/\/www.mfkv.kg.ac.rs\/a_madam\/?page_id=1661"},"modified":"2021-12-06T00:13:33","modified_gmt":"2021-12-06T00:13:33","slug":"ev210915","status":"publish","type":"page","link":"http:\/\/www.mfkv.kg.ac.rs\/a_madam\/index.php\/events\/ev210915\/","title":{"rendered":"&#8220;Impossible Design&#8221;, 2021 edition"},"content":{"rendered":"<p>The \u201cImPossible Design\u201c is a competition for young mechanical and industrial designers aimed to promote additive manufacturing, which&nbsp;removes the conventional limitations of designers&#8217; creativity and innovativeness in the process of new product development.<\/p>\n<p class=\"ZS_followed\">The authors of the most successful solutions will be awarded 3D printers.<\/p>\n<figure id=\"attachment_194\" aria-describedby=\"caption-attachment-194\" style=\"width: 322px\" class=\"wp-caption aligncenter\"><img loading=\"lazy\" class=\"wp-image-194 size-medium\" src=\"http:\/\/www.mfkv.kg.ac.rs\/a_madam\/wp-content\/uploads\/2021\/09\/ImPossible-design2021-poster-scaled.jpg\" width=\"322\" height=\"456\"><figcaption id=\"caption-attachment-194\" class=\"wp-caption-text\">The official poster of the ImPossible Design competition<\/figcaption><\/figure>\n<p>The first edition of the competition was held in 2013\/14 as a national Serbian competition, and the <a href=\"http:\/\/www.mfkv.kg.ac.rs\/a_madam\/index.php\/events\/ev181101\">2018\/19 edition of the competition<\/a> was organized as the international competition within the framework of the A_MADAM project.&nbsp;<\/p>\n<p>The 2021 edition of the competition was opened on 15th of September 2021, and the promotion campaign was organized mainly online \u2013 due to the COVID-19 restrictions, with events being held in Italy (at Valsamoggia FabLab) and Serbia (at University of Kragujevac). Besides, the contest was promoted in Croatian and Serbian media and internet using the networks of project partners. All the information about the application, selection and awarding processes were available at the <a href=\"https:\/\/3dimpuls.com\/en\/node\/358\" target=\"_blank\" rel=\"noopener\">ImPossible Design webpage<\/a> , where the <a href=\"https:\/\/3dimpuls.com\/sites\/default\/files\/download\/A_MADAM_ImPossibleDesign2021-%20propozicije-Eng.pdf\" target=\"_blank\" rel=\"noopener\">the propositions of the competition<\/a> could be downloaded.<\/p>\n<p>The initial deadline for applications was initially 31st of October 2021, but, due to the increased submission on 30\/31st of October 2021, the application period was extended to the 15th of November 2021. 21 authors from Bosnia &amp; Herzegovina, Croatia, Italy, Serbia applied 30 3D models for the contest with the following distribution of the applications:<\/p>\n<table>\n<tbody>\n<tr>\n<td style=\"width: 50px;\">&nbsp;<\/td>\n<td>Country<\/td>\n<td>B&amp;H<\/td>\n<td>Croatia<\/td>\n<td>Italy<\/td>\n<td>Serbia<\/td>\n<td style=\"width: 50px;\">&nbsp;<\/td>\n<\/tr>\n<tr>\n<td style=\"width: 50px;\">&nbsp;<\/td>\n<td>Authors<\/td>\n<td>1<\/td>\n<td>6<\/td>\n<td>1<\/td>\n<td>13<\/td>\n<td style=\"width: 50px;\">&nbsp;<\/td>\n<\/tr>\n<tr>\n<td style=\"width: 50px;\">&nbsp;<\/td>\n<td>Models<\/td>\n<td>1<\/td>\n<td>7<\/td>\n<td>1<\/td>\n<td>21<\/td>\n<td style=\"width: 50px;\">&nbsp;<\/td>\n<\/tr>\n<\/tbody>\n<\/table>\n<p class=\"ZS_followed\">By the combined votes of the international Jury of Experts, consisting of \/ordered by age\/:<\/p>\n<ul class=\"ZS_insert\">\n<li>Prof. Kosta Krsmanovi\u0107, retired Professor in Industrial Design at the Faculty of Applied Arts of the University of Arts in Belgrade \/Serbia\/<\/li>\n<li>Prof. Giangiacomo Minak, Professor in Mechanical Design at DIN department of University of Bologna \/Italy\/<\/li>\n<li>Amir \u0160e\u0107erkadi\u0107, Mechanical Designer, General Manager of IZIT, Zagreb \/Croatia\/<\/li>\n<li>Leo Vukeli\u0107, MA, Designer and member of the Croatian Designers Society, Zagreb \/Croatia\/<\/li>\n<li>Dr Neboj\u0161a Bogojevi\u0107, Additive Manufacturing Expert at Faculty of Mechanical and Civil Engineering at Kraljevo of University of Kragujevac \/Serbia\/<\/li>\n<li>Michele Monti, Digital Design and Manufacturing Expert, CEO of \u201cJuno Design\u201d, Bologna \/Italy\/<\/li>\n<\/ul>\n<p class=\"ZS_following\">were selected three authors as winners of the \u201cImPossible Design 2021\u201d contest. Each of the winners was awarded a MakerBot SKETCH<sup>TM<\/sup> 3D printer, and below are presented the infomration about the awarded models and the names of the winners.<\/p>\n<p><figure id=\"attachment_194\" aria-describedby=\"caption-attachment-194\" style=\"width: 443px\" class=\"wp-caption aligncenter\"><img loading=\"lazy\" class=\"aligncenter size-full wp-image-1243\" src=\"http:\/\/www.mfkv.kg.ac.rs\/a_madam\/wp-content\/uploads\/2021\/12\/ev210915_1.jpg\" alt=\"\" width=\"443\" height=\"215\"><figcaption id=\"caption-attachment-194\" class=\"wp-caption-text\">&#8220;The Singularity Lamp&#8221; by Rudolf Zver \/Croatia\/<\/figcaption><\/figure><br>\n<figure id=\"attachment_194\" aria-describedby=\"caption-attachment-194\" style=\"width: 433px\" class=\"wp-caption aligncenter\"><img loading=\"lazy\" class=\"aligncenter size-full wp-image-1246\" src=\"http:\/\/www.mfkv.kg.ac.rs\/a_madam\/wp-content\/uploads\/2021\/12\/ev210915_2.jpg\" alt=\"\" width=\"433\" height=\"195\"><figcaption id=\"caption-attachment-194\" class=\"wp-caption-text\">&#8220;Topology optimized bottle opener&#8221; by Matija Mori\u0107 \/Croatia\/<\/figcaption><\/figure><br>\n<figure id=\"attachment_194\" aria-describedby=\"caption-attachment-194\" style=\"width: 433px\" class=\"wp-caption aligncenter\"><img loading=\"lazy\" class=\"aligncenter size-full wp-image-1248\" src=\"http:\/\/www.mfkv.kg.ac.rs\/a_madam\/wp-content\/uploads\/2021\/12\/ev210915_3.jpg\" alt=\"\" width=\"433\" height=\"215\"><figcaption id=\"caption-attachment-194\" class=\"wp-caption-text\">&#8220;Robotic Arm Gripper&#8221; by Vladimir Sin\u0111eli\u0107 \/Serbia\/<\/figcaption><\/figure><\/p>\n<p class=\"ZS_followed\">By the largest number of votes received during the public voting was selected one winner who will be also be awarded a MakerBot SKETCH\u00ae 3D printer:<\/p>\n<figure id=\"attachment_194\" aria-describedby=\"caption-attachment-194\" style=\"width: 400px\" class=\"wp-caption aligncenter\"><img loading=\"lazy\" class=\"aligncenter size-full wp-image-1251\" src=\"http:\/\/www.mfkv.kg.ac.rs\/a_madam\/wp-content\/uploads\/2021\/12\/ev210915_4.jpg\" alt=\"\" width=\"443\" height=\"259\"><figcaption id=\"caption-attachment-194\" class=\"wp-caption-text\">&#8220;Vaza Nuvola&#8221; by Dragi\u0161a \u0160imumovi\u0107 \/Serbia\/<\/figcaption><\/figure>\n\n","protected":false},"excerpt":{"rendered":"<p>The \u201cImPossible Design\u201c is a competition for young mechanical and industrial designers aimed to promote additive manufacturing, which&nbsp;removes the conventional limitations of designers&#8217; creativity and innovativeness in the process of new product development. The authors of the most successful solutions will be awarded 3D printers. The first edition of the competition was held in 2013\/14 &hellip; <\/p>\n<p class=\"link-more\"><a href=\"http:\/\/www.mfkv.kg.ac.rs\/a_madam\/index.php\/events\/ev210915\/\" class=\"more-link\">Continue reading<span class=\"screen-reader-text\"> &#8220;&#8220;Impossible Design&#8221;, 2021 edition&#8221;<\/span><\/a><\/p>\n","protected":false},"author":3,"featured_media":0,"parent":60,"menu_order":35,"comment_status":"closed","ping_status":"closed","template":"","meta":[],"_links":{"self":[{"href":"http:\/\/www.mfkv.kg.ac.rs\/a_madam\/index.php\/wp-json\/wp\/v2\/pages\/1661"}],"collection":[{"href":"http:\/\/www.mfkv.kg.ac.rs\/a_madam\/index.php\/wp-json\/wp\/v2\/pages"}],"about":[{"href":"http:\/\/www.mfkv.kg.ac.rs\/a_madam\/index.php\/wp-json\/wp\/v2\/types\/page"}],"author":[{"embeddable":true,"href":"http:\/\/www.mfkv.kg.ac.rs\/a_madam\/index.php\/wp-json\/wp\/v2\/users\/3"}],"replies":[{"embeddable":true,"href":"http:\/\/www.mfkv.kg.ac.rs\/a_madam\/index.php\/wp-json\/wp\/v2\/comments?post=1661"}],"version-history":[{"count":20,"href":"http:\/\/www.mfkv.kg.ac.rs\/a_madam\/index.php\/wp-json\/wp\/v2\/pages\/1661\/revisions"}],"predecessor-version":[{"id":1888,"href":"http:\/\/www.mfkv.kg.ac.rs\/a_madam\/index.php\/wp-json\/wp\/v2\/pages\/1661\/revisions\/1888"}],"up":[{"embeddable":true,"href":"http:\/\/www.mfkv.kg.ac.rs\/a_madam\/index.php\/wp-json\/wp\/v2\/pages\/60"}],"wp:attachment":[{"href":"http:\/\/www.mfkv.kg.ac.rs\/a_madam\/index.php\/wp-json\/wp\/v2\/media?parent=1661"}],"curies":[{"name":"wp","href":"https:\/\/api.w.org\/{rel}","templated":true}]}}