{"id":1315,"date":"2019-09-10T15:14:56","date_gmt":"2019-09-10T15:14:56","guid":{"rendered":"http:\/\/91.187.134.10\/a_madam\/?page_id=1315"},"modified":"2022-01-30T23:51:35","modified_gmt":"2022-01-30T23:51:35","slug":"ev190906","status":"publish","type":"page","link":"http:\/\/www.mfkv.kg.ac.rs\/a_madam\/index.php\/events\/ev190906\/","title":{"rendered":"The 8th International Conference Mechanics and Materials in Design, 4-6 September 2019, Bologna"},"content":{"rendered":"<p><a href=\"https:\/\/www.m2d2019.com\" target=\"_blank\" rel=\"noopener\">The 8th International Conference Mechanics and Materials in Design<\/a> was the 2019 edition of the traditional conference that facilitates the application of two basic engineering disciplines, mechanics and materials, for the purposes of advanced design in mechanical engineering.<\/p>\n<p class=\"ZS_followed\">Held at University of Bologna on 4-6 September 2019, the conference was profoundly supported by participation of the A_MADAM team members:<\/p>\n<ul>\n<li>Prof. Dario Croccolo, Work-package Leader of the WP-4 ANALYZE, who was Conference Co-Chair<\/li>\n<li>Prof. Zlatan Soskic, Work-package Leader of the WP-5 DISSEMINATE, and<\/li>\n<li>Prof. Giorgio Olmi, Member of the Project Board, who were chairmen of the sections &#8220;Additive manufacturing materials&#8221; and the keynote lecture session dedicated to contemporary developments in motorbike industry.<\/li>\n<\/ul>\n<p class=\"ZS_followed\">Besides, in the conference were presented three papers that resulted from the A_MADAM project research:<\/p>\n<ul>\n<li>\u201cApplication of artificial neural networks for estimation of the mass of the waste powder during selective laser sintering\u201d by Zlatan \u0160o\u0161ki\u0107, Jelena Tomi\u0107, Nenad Drvar, Michele Monti, Marco Cardu<\/li>\n<li>\u201cAir flow resistance of polyamide 12 made by selective laser sintering\u201d by Neboj\u0161a Bogojevi\u0107, Nusret Muharemovi\u0107, Branko Radi\u010devi\u0107, Aleksandar Vrani\u0107, Sne\u017eana \u0106iri\u0107-Kosti\u0107<\/li>\n<li>&#8220;Investigation of mixed mode I and II fracture mechanical behaviour of SLS printed IASCB specimens by digital image correlation&#8221; by Ivo Campione, Tommaso Maria Brugo, Giangiacomo Minak, Josip Kos, Jelena Jankovi\u0107 Tomi\u0107 and Sne\u017eana \u0106iri\u0107-Kosti\u0107<\/li>\n<\/ul>\n<table class=\"ZS_placeholder\">\n<tbody>\n<tr>\n<td>\n<p class=\"ZS_followed\"><img loading=\"lazy\" class=\"aligncenter size-full wp-image-1328\" src=\"http:\/\/91.187.134.10\/a_madam\/wp-content\/uploads\/2019\/09\/ev190906_Giorgio.jpg\" alt=\"\" width=\"300\" height=\"225\" \/><\/p>\n<p class=\"ZS_caption\" align=\"center\">Prof. Giorgio Olmi introducing a keynote lecturer<\/p>\n<\/td>\n<td>\n<p class=\"ZS_followed\"><img loading=\"lazy\" class=\"aligncenter size-full wp-image-1329\" src=\"http:\/\/91.187.134.10\/a_madam\/wp-content\/uploads\/2019\/09\/ev190906_ESR.jpg\" alt=\"\" width=\"300\" height=\"225\" \/><\/p>\n<p class=\"ZS_caption\" align=\"center\">ESRs from UniKv and UniBo<\/p>\n<\/td>\n<\/tr>\n<\/tbody>\n<\/table>\n","protected":false},"excerpt":{"rendered":"<p>The 8th International Conference Mechanics and Materials in Design was the 2019 edition of the traditional conference that facilitates the application of two basic engineering disciplines, mechanics and materials, for the purposes of advanced design in mechanical engineering. Held at University of Bologna on 4-6 September 2019, the conference was profoundly supported by participation of &hellip; <\/p>\n<p class=\"link-more\"><a href=\"http:\/\/www.mfkv.kg.ac.rs\/a_madam\/index.php\/events\/ev190906\/\" class=\"more-link\">Continue reading<span class=\"screen-reader-text\"> &#8220;The 8th International Conference Mechanics and Materials in Design, 4-6 September 2019, Bologna&#8221;<\/span><\/a><\/p>\n","protected":false},"author":3,"featured_media":0,"parent":60,"menu_order":25,"comment_status":"closed","ping_status":"closed","template":"","meta":[],"_links":{"self":[{"href":"http:\/\/www.mfkv.kg.ac.rs\/a_madam\/index.php\/wp-json\/wp\/v2\/pages\/1315"}],"collection":[{"href":"http:\/\/www.mfkv.kg.ac.rs\/a_madam\/index.php\/wp-json\/wp\/v2\/pages"}],"about":[{"href":"http:\/\/www.mfkv.kg.ac.rs\/a_madam\/index.php\/wp-json\/wp\/v2\/types\/page"}],"author":[{"embeddable":true,"href":"http:\/\/www.mfkv.kg.ac.rs\/a_madam\/index.php\/wp-json\/wp\/v2\/users\/3"}],"replies":[{"embeddable":true,"href":"http:\/\/www.mfkv.kg.ac.rs\/a_madam\/index.php\/wp-json\/wp\/v2\/comments?post=1315"}],"version-history":[{"count":20,"href":"http:\/\/www.mfkv.kg.ac.rs\/a_madam\/index.php\/wp-json\/wp\/v2\/pages\/1315\/revisions"}],"predecessor-version":[{"id":1968,"href":"http:\/\/www.mfkv.kg.ac.rs\/a_madam\/index.php\/wp-json\/wp\/v2\/pages\/1315\/revisions\/1968"}],"up":[{"embeddable":true,"href":"http:\/\/www.mfkv.kg.ac.rs\/a_madam\/index.php\/wp-json\/wp\/v2\/pages\/60"}],"wp:attachment":[{"href":"http:\/\/www.mfkv.kg.ac.rs\/a_madam\/index.php\/wp-json\/wp\/v2\/media?parent=1315"}],"curies":[{"name":"wp","href":"https:\/\/api.w.org\/{rel}","templated":true}]}}